{"id":25210,"date":"2023-12-09T18:38:52","date_gmt":"2023-12-09T17:38:52","guid":{"rendered":"https:\/\/flippa.hostalize.com\/?page_id=25210"},"modified":"2023-12-28T11:53:08","modified_gmt":"2023-12-28T10:53:08","slug":"eventos-especiales","status":"publish","type":"page","link":"https:\/\/flippaboat.es\/en\/boat-rental-services-in-the-sleeve\/special-events-2\/","title":{"rendered":"Special events"},"content":{"rendered":"<div data-elementor-type=\"wp-post\" data-elementor-id=\"25210\" class=\"elementor elementor-25210\" data-elementor-settings=\"{&quot;element_pack_global_tooltip_width&quot;:{&quot;unit&quot;:&quot;px&quot;,&quot;size&quot;:&quot;&quot;,&quot;sizes&quot;:[]},&quot;element_pack_global_tooltip_width_tablet&quot;:{&quot;unit&quot;:&quot;px&quot;,&quot;size&quot;:&quot;&quot;,&quot;sizes&quot;:[]},&quot;element_pack_global_tooltip_width_mobile&quot;:{&quot;unit&quot;:&quot;px&quot;,&quot;size&quot;:&quot;&quot;,&quot;sizes&quot;:[]},&quot;element_pack_global_tooltip_padding&quot;:{&quot;unit&quot;:&quot;px&quot;,&quot;top&quot;:&quot;&quot;,&quot;right&quot;:&quot;&quot;,&quot;bottom&quot;:&quot;&quot;,&quot;left&quot;:&quot;&quot;,&quot;isLinked&quot;:true},&quot;element_pack_global_tooltip_padding_tablet&quot;:{&quot;unit&quot;:&quot;px&quot;,&quot;top&quot;:&quot;&quot;,&quot;right&quot;:&quot;&quot;,&quot;bottom&quot;:&quot;&quot;,&quot;left&quot;:&quot;&quot;,&quot;isLinked&quot;:true},&quot;element_pack_global_tooltip_padding_mobile&quot;:{&quot;unit&quot;:&quot;px&quot;,&quot;top&quot;:&quot;&quot;,&quot;right&quot;:&quot;&quot;,&quot;bottom&quot;:&quot;&quot;,&quot;left&quot;:&quot;&quot;,&quot;isLinked&quot;:true},&quot;element_pack_global_tooltip_border_radius&quot;:{&quot;unit&quot;:&quot;px&quot;,&quot;top&quot;:&quot;&quot;,&quot;right&quot;:&quot;&quot;,&quot;bottom&quot;:&quot;&quot;,&quot;left&quot;:&quot;&quot;,&quot;isLinked&quot;:true},&quot;element_pack_global_tooltip_border_radius_tablet&quot;:{&quot;unit&quot;:&quot;px&quot;,&quot;top&quot;:&quot;&quot;,&quot;right&quot;:&quot;&quot;,&quot;bottom&quot;:&quot;&quot;,&quot;left&quot;:&quot;&quot;,&quot;isLinked&quot;:true},&quot;element_pack_global_tooltip_border_radius_mobile&quot;:{&quot;unit&quot;:&quot;px&quot;,&quot;top&quot;:&quot;&quot;,&quot;right&quot;:&quot;&quot;,&quot;bottom&quot;:&quot;&quot;,&quot;left&quot;:&quot;&quot;,&quot;isLinked&quot;:true}}\" data-elementor-post-type=\"page\">\n\t\t\t\t\t\t<section data-particle_enable=\"false\" data-particle-mobile-disabled=\"false\" class=\"wd-negative-gap elementor-section elementor-top-section elementor-element elementor-element-b12dea8 elementor-section-full_width elementor-section-height-min-height wd-section-stretch elementor-section-height-default elementor-section-items-middle\" data-id=\"b12dea8\" data-element_type=\"section\" data-e-type=\"section\" data-settings=\"{&quot;background_background&quot;:&quot;classic&quot;}\">\n\t\t\t\t\t\t\t<div class=\"elementor-background-overlay\"><\/div>\n\t\t\t\t\t\t\t<div class=\"elementor-container elementor-column-gap-no\">\n\t\t\t\t\t<div class=\"elementor-column elementor-col-100 elementor-top-column elementor-element elementor-element-5c4fc4c color-scheme-light\" data-id=\"5c4fc4c\" data-element_type=\"column\" data-e-type=\"column\">\n\t\t\t<div class=\"elementor-widget-wrap elementor-element-populated\">\n\t\t\t\t\t\t\t<link rel=\"stylesheet\" id=\"wd-mod-animations-keyframes-css\" href=\"https:\/\/flippaboat.es\/wp-content\/themes\/woodmart\/css\/parts\/mod-animations-keyframes.min.css?ver=8.2.6\" type=\"text\/css\" media=\"all\" \/> \t\t\t\t\t<div class=\"elementor-element elementor-element-2c9c458 elementor-widget__width-initial elementor-widget-tablet__width-initial elementor-invisible elementor-widget elementor-widget-heading\" data-id=\"2c9c458\" data-element_type=\"widget\" data-e-type=\"widget\" data-settings=\"{&quot;_animation&quot;:&quot;fadeIn&quot;}\" data-widget_type=\"heading.default\">\n\t\t\t\t<div class=\"elementor-widget-container\">\n\t\t\t\t\t<h2 class=\"elementor-heading-title elementor-size-default\">Special events<\/h2>\t\t\t\t<\/div>\n\t\t\t\t<\/div>\n\t\t\t\t<div class=\"elementor-element elementor-element-39467e9 elementor-widget elementor-widget-eael-divider\" data-id=\"39467e9\" data-element_type=\"widget\" data-e-type=\"widget\" data-widget_type=\"eael-divider.default\">\n\t\t\t\t<div class=\"elementor-widget-container\">\n\t\t\t\t\t\t\t<div class=\"eael-divider-wrap divider-direction-horizontal\">\n\t\t\t\t\t\t\t<div class=\"eael-divider horizontal solid\"><\/div>\n\t\t\t\t\t<\/div>\n\t\t\t\t<\/div>\n\t\t\t\t<\/div>\n\t\t\t\t<div class=\"elementor-element elementor-element-1eb6581 elementor-widget-tablet__width-initial elementor-widget elementor-widget-heading\" data-id=\"1eb6581\" data-element_type=\"widget\" data-e-type=\"widget\" data-widget_type=\"heading.default\">\n\t\t\t\t<div class=\"elementor-widget-container\">\n\t\t\t\t\t<h1 class=\"elementor-heading-title elementor-size-default\">Celebrate Important Occasions with a Touch of Marine Magic<\/h1>\t\t\t\t<\/div>\n\t\t\t\t<\/div>\n\t\t\t\t<section data-particle_enable=\"false\" data-particle-mobile-disabled=\"false\" class=\"elementor-section elementor-inner-section elementor-element elementor-element-7f7dceb elementor-section-boxed elementor-section-height-default elementor-section-height-default\" data-id=\"7f7dceb\" data-element_type=\"section\" data-e-type=\"section\">\n\t\t\t\t\t\t<div class=\"elementor-container elementor-column-gap-default\">\n\t\t\t\t\t<div class=\"elementor-column elementor-col-50 elementor-inner-column elementor-element elementor-element-0ade5ad\" data-id=\"0ade5ad\" data-element_type=\"column\" data-e-type=\"column\" data-settings=\"{&quot;background_background&quot;:&quot;classic&quot;}\">\n\t\t\t<div class=\"elementor-widget-wrap elementor-element-populated\">\n\t\t\t\t\t\t<div class=\"elementor-element elementor-element-8c46cab elementor-widget elementor-widget-mdp-masker-elementor\" data-id=\"8c46cab\" data-element_type=\"widget\" data-e-type=\"widget\" data-widget_type=\"mdp-masker-elementor.default\">\n\t\t\t\t<div class=\"elementor-widget-container\">\n\t\t\t\t\t\n        <div id=\"mdp-masker-8c46cab\" class=\"mdp-masker\">\n\n            \n                <div class=\"mdp-masker-mask\">\n                                            <div class=\"mdp-masker-image\"><\/div>\n                                    <\/div>\n\n                \n                \n        <\/div>\n\n        \t\t\t\t<\/div>\n\t\t\t\t<\/div>\n\t\t\t\t\t<\/div>\n\t\t<\/div>\n\t\t\t\t<div class=\"elementor-column elementor-col-50 elementor-inner-column elementor-element elementor-element-4f3cd7d\" data-id=\"4f3cd7d\" data-element_type=\"column\" data-e-type=\"column\" data-settings=\"{&quot;background_background&quot;:&quot;classic&quot;}\">\n\t\t\t<div class=\"elementor-widget-wrap elementor-element-populated\">\n\t\t\t\t\t\t<div class=\"elementor-element elementor-element-44b722e color-scheme-inherit text-left elementor-widget elementor-widget-text-editor\" data-id=\"44b722e\" data-element_type=\"widget\" data-e-type=\"widget\" data-widget_type=\"text-editor.default\">\n\t\t\t\t<div class=\"elementor-widget-container\">\n\t\t\t\t\t\t\t\t\t<p>At Flippa Boat, we specialize in turning special events into unforgettable experiences. Whether celebrating a significant day or planning a marriage proposal, we offer you an exclusive and exciting setting at sea. We take care of all the details so that you only have to enjoy the moment.<\/p>\t\t\t\t\t\t\t\t<\/div>\n\t\t\t\t<\/div>\n\t\t\t\t\t<\/div>\n\t\t<\/div>\n\t\t\t\t\t<\/div>\n\t\t<\/section>\n\t\t\t\t\t<\/div>\n\t\t<\/div>\n\t\t\t\t\t<\/div>\n\t\t<\/section>\n\t\t\t\t<section data-particle_enable=\"false\" data-particle-mobile-disabled=\"false\" class=\"wd-negative-gap elementor-section elementor-top-section elementor-element elementor-element-ba7e3a1 elementor-section-content-middle elementor-section-height-min-height wd-section-stretch elementor-section-boxed elementor-section-height-default elementor-section-items-middle\" data-id=\"ba7e3a1\" data-element_type=\"section\" data-e-type=\"section\" data-settings=\"{&quot;background_background&quot;:&quot;classic&quot;}\">\n\t\t\t\t\t\t\t<div class=\"elementor-background-overlay\"><\/div>\n\t\t\t\t\t\t\t<div class=\"elementor-container elementor-column-gap-no\">\n\t\t\t\t\t<div class=\"elementor-column elementor-col-100 elementor-top-column elementor-element elementor-element-6dc38e5 color-scheme-light bdt-backdrop-filter-yes\" data-id=\"6dc38e5\" data-element_type=\"column\" data-e-type=\"column\" data-settings=\"{&quot;background_background&quot;:&quot;classic&quot;}\">\n\t\t\t<div class=\"elementor-widget-wrap elementor-element-populated\">\n\t\t\t\t\t\t<div class=\"elementor-element elementor-element-294f7ff elementor-widget-mobile__width-initial elementor-widget elementor-widget-heading\" data-id=\"294f7ff\" data-element_type=\"widget\" data-e-type=\"widget\" data-widget_type=\"heading.default\">\n\t\t\t\t<div class=\"elementor-widget-container\">\n\t\t\t\t\t<h2 class=\"elementor-heading-title elementor-size-default\">Reasons to Choose our SPECIAL events<\/h2>\t\t\t\t<\/div>\n\t\t\t\t<\/div>\n\t\t\t\t<div class=\"elementor-element elementor-element-ec07d75 elementor-widget elementor-widget-eael-divider\" data-id=\"ec07d75\" data-element_type=\"widget\" data-e-type=\"widget\" data-widget_type=\"eael-divider.default\">\n\t\t\t\t<div class=\"elementor-widget-container\">\n\t\t\t\t\t\t\t<div class=\"eael-divider-wrap divider-direction-horizontal\">\n\t\t\t\t\t\t\t<div class=\"eael-divider horizontal solid\"><\/div>\n\t\t\t\t\t<\/div>\n\t\t\t\t<\/div>\n\t\t\t\t<\/div>\n\t\t\t\t<div class=\"elementor-element elementor-element-b5a53cb color-scheme-inherit text-left elementor-widget elementor-widget-text-editor\" data-id=\"b5a53cb\" data-element_type=\"widget\" data-e-type=\"widget\" data-widget_type=\"text-editor.default\">\n\t\t\t\t<div class=\"elementor-widget-container\">\n\t\t\t\t\t\t\t\t\t<p>At Flippa Boat, we transform your most important moments into spectacular maritime celebrations. Our focus is to create personalized and memorable events, sailing through the calm waters of the Mar Menor. From weddings and anniversaries to marriage proposals, each event is organized with a unique and personal touch.<\/p><ul><li><strong>Weddings and Anniversaries:<\/strong> Imagine exchanging vows or celebrating your love with the horizon as a backdrop. We customize every detail to reflect your style, from decoration to music selection.<\/li><li><strong>Unique Marriage Proposals:<\/strong> Surprise your partner with a proposal in the middle of the sea, a romantic and surprising setting that will ensure an unforgettable memory.<\/li><\/ul><p>With Flippa Boat, your special event will not only be celebrated, but it will become a maritime adventure that you and your guests will treasure forever.<\/p><div class=\"flex flex-grow flex-col max-w-full\"><div class=\"min-h-[20px] text-message flex flex-col items-start gap-3 whitespace-pre-wrap break-words [.text-message+&amp;]:mt-5 overflow-x-auto\" data-message-author-role=\"assistant\" data-message-id=\"79716af4-d9bd-440e-b64a-6fc91e6bdf29\"><div class=\"markdown prose w-full break-words dark:prose-invert light\"><p><strong>Safety on Board During Special Events:<\/strong><\/p><p>Safety is paramount at Flippa Boat, especially during special events. Our priority is that you enjoy the celebration with complete peace of mind, knowing that you are in a safe and responsible environment. We ask that you follow the instructions of our experienced captain and crew at all times. Your guide not only ensures your well-being, but also ensures that the party is a smooth success. With Flippa Boat, your safety and fun go hand in hand.<\/p><\/div><\/div><\/div>\t\t\t\t\t\t\t\t<\/div>\n\t\t\t\t<\/div>\n\t\t\t\t<div class=\"elementor-element elementor-element-2abcc63 elementor-arrows-position-inside elementor-widget elementor-widget-image-carousel\" data-id=\"2abcc63\" data-element_type=\"widget\" data-e-type=\"widget\" data-settings=\"{&quot;slides_to_show&quot;:&quot;2&quot;,&quot;navigation&quot;:&quot;arrows&quot;,&quot;slides_to_show_tablet&quot;:&quot;1&quot;,&quot;autoplay&quot;:&quot;yes&quot;,&quot;pause_on_hover&quot;:&quot;yes&quot;,&quot;pause_on_interaction&quot;:&quot;yes&quot;,&quot;autoplay_speed&quot;:5000,&quot;infinite&quot;:&quot;yes&quot;,&quot;speed&quot;:500,&quot;image_spacing_custom&quot;:{&quot;unit&quot;:&quot;px&quot;,&quot;size&quot;:20,&quot;sizes&quot;:[]}}\" data-widget_type=\"image-carousel.default\">\n\t\t\t\t<div class=\"elementor-widget-container\">\n\t\t\t\t\t\t\t<div class=\"elementor-image-carousel-wrapper swiper\" role=\"region\" aria-roledescription=\"carousel\" aria-label=\"Image Carousel\" dir=\"ltr\" data-no-translation-aria-label=\"\">\n\t\t\t<div class=\"elementor-image-carousel swiper-wrapper\" aria-live=\"off\">\n\t\t\t\t\t\t\t\t<div class=\"swiper-slide\" role=\"group\" aria-roledescription=\"slide\" aria-label=\"1 of 5\" data-no-translation-aria-label=\"\"><figure class=\"swiper-slide-inner\"><img decoding=\"async\" class=\"swiper-slide-image\" src=\"https:\/\/flippaboat.es\/wp-content\/uploads\/2023\/12\/PORTADA.jpg\" alt=\"FRONT PAGE\" \/><\/figure><\/div><div class=\"swiper-slide\" role=\"group\" aria-roledescription=\"slide\" aria-label=\"2 of 5\" data-no-translation-aria-label=\"\"><figure class=\"swiper-slide-inner\"><img decoding=\"async\" class=\"swiper-slide-image\" src=\"https:\/\/flippaboat.es\/wp-content\/uploads\/2023\/12\/1-1.jpg\" alt=\"1 (1)\" \/><\/figure><\/div><div class=\"swiper-slide\" role=\"group\" aria-roledescription=\"slide\" aria-label=\"3 of 5\" data-no-translation-aria-label=\"\"><figure class=\"swiper-slide-inner\"><img decoding=\"async\" class=\"swiper-slide-image\" src=\"https:\/\/flippaboat.es\/wp-content\/uploads\/2023\/12\/1-16.jpg\" alt=\"1 (16)\" \/><\/figure><\/div><div class=\"swiper-slide\" role=\"group\" aria-roledescription=\"slide\" aria-label=\"4 of 5\" data-no-translation-aria-label=\"\"><figure class=\"swiper-slide-inner\"><img decoding=\"async\" class=\"swiper-slide-image\" src=\"https:\/\/flippaboat.es\/wp-content\/uploads\/2023\/12\/1-17.jpg\" alt=\"1 (17)\" \/><\/figure><\/div><div class=\"swiper-slide\" role=\"group\" aria-roledescription=\"slide\" aria-label=\"5 of 5\" data-no-translation-aria-label=\"\"><figure class=\"swiper-slide-inner\"><img decoding=\"async\" class=\"swiper-slide-image\" src=\"https:\/\/flippaboat.es\/wp-content\/uploads\/2023\/12\/1-18.jpg\" alt=\"1 (18)\" \/><\/figure><\/div>\t\t\t<\/div>\n\t\t\t\t\t\t\t\t\t\t\t\t<div class=\"elementor-swiper-button elementor-swiper-button-prev\" role=\"button\" tabindex=\"0\">\n\t\t\t\t\t\t<i aria-hidden=\"true\" class=\"eicon-chevron-left\"><\/i>\t\t\t\t\t<\/div>\n\t\t\t\t\t<div class=\"elementor-swiper-button elementor-swiper-button-next\" role=\"button\" tabindex=\"0\">\n\t\t\t\t\t\t<i aria-hidden=\"true\" class=\"eicon-chevron-right\"><\/i>\t\t\t\t\t<\/div>\n\t\t\t\t\n\t\t\t\t\t\t\t\t\t<\/div>\n\t\t\t\t\t\t<\/div>\n\t\t\t\t<\/div>\n\t\t\t\t<div class=\"elementor-element elementor-element-a61aaf0 elementor-widget-mobile__width-initial elementor-widget elementor-widget-wd_button\" data-id=\"a61aaf0\" data-element_type=\"widget\" data-e-type=\"widget\" data-widget_type=\"wd_button.default\">\n\t\t\t\t<div class=\"elementor-widget-container\">\n\t\t\t\t\t\t\t<div class=\"wd-button-wrapper text-center\" >\n\t\t\t<a class=\"btn btn-style-bordered btn-shape-semi-round btn-size-default btn-color-black btn-full-width btn-icon-pos-right\"  href=\"https:\/\/flippaboat.es\/en\/contact-2\/\">\n\t\t\t\t<span class=\"wd-btn-text\" data-elementor-setting-key=\"text\">\n\t\t\t\t\tI WANT MORE INFORMATION!\t\t\t\t<\/span>\n\n\t\t\t\t\t\t\t<\/a>\n\t\t<\/div>\n\t\t\t\t\t\t<\/div>\n\t\t\t\t<\/div>\n\t\t\t\t\t<\/div>\n\t\t<\/div>\n\t\t\t\t\t<\/div>\n\t\t<\/section>\n\t\t\t\t<\/div>","protected":false},"excerpt":{"rendered":"<p>Special Events Celebrate Important Occasions with a Touch of Marine Magic At Flippa Boat, we specialize in turning special events<\/p>","protected":false},"author":156,"featured_media":0,"parent":272,"menu_order":4,"comment_status":"closed","ping_status":"closed","template":"elementor_header_footer","meta":{"footnotes":""},"class_list":["post-25210","page","type-page","status-publish","hentry"],"yoast_head":"<!-- This site is optimized with the Yoast SEO Premium plugin v21.6 (Yoast SEO v27.1.1) - https:\/\/yoast.com\/product\/yoast-seo-premium-wordpress\/ -->\n<title>Celebra Eventos Especiales en Murcia: Experiencias en La Manga con Flippa Boat<\/title>\n<meta name=\"description\" content=\"Organiza celebraciones especiales en Murcia con Flippa Boat. Desde bodas rom\u00e1nticas hasta propuestas de matrimonio en el mar, ofrecemos eventos \u00fanicos en La Manga. Personalizamos cada detalle para crear momentos inolvidables en un ambiente mar\u00edtimo exclusivo. Disfruta de vistas panor\u00e1micas y servicios de alta calidad a bordo. Reserva tu evento especial en Flippa Boat y haz que tu celebraci\u00f3n sea una experiencia marina espectacular.\" \/>\n<meta name=\"robots\" content=\"index, follow, max-snippet:-1, max-image-preview:large, max-video-preview:-1\" \/>\n<link rel=\"canonical\" href=\"https:\/\/flippaboat.es\/en\/boat-rental-services-in-the-sleeve\/special-events-2\/\" \/>\n<meta property=\"og:locale\" content=\"en_GB\" \/>\n<meta property=\"og:type\" content=\"article\" \/>\n<meta property=\"og:title\" content=\"Eventos especiales\" \/>\n<meta property=\"og:description\" content=\"Eventos especiales Celebra Ocasiones Importantes con un Toque de Magia Marina En Flippa Boat, nos especializamos en convertir eventos especiales en\" \/>\n<meta property=\"og:url\" content=\"https:\/\/flippaboat.es\/en\/boat-rental-services-in-the-sleeve\/special-events-2\/\" \/>\n<meta property=\"og:site_name\" content=\"Flippa Boat\" \/>\n<meta property=\"article:modified_time\" content=\"2023-12-28T10:53:08+00:00\" \/>\n<meta property=\"og:image\" content=\"https:\/\/flippaboat.es\/wp-content\/uploads\/2023\/12\/PORTADA.jpg\" \/>\n<meta name=\"twitter:card\" content=\"summary_large_image\" \/>\n<meta name=\"twitter:label1\" content=\"Estimated reading time\" \/>\n\t<meta name=\"twitter:data1\" content=\"3 minutes\" \/>\n<!-- \/ Yoast SEO Premium plugin. -->","yoast_head_json":{"title":"Celebra Eventos Especiales en Murcia: Experiencias en La Manga con Flippa Boat","description":"Organiza celebraciones especiales en Murcia con Flippa Boat. Desde bodas rom\u00e1nticas hasta propuestas de matrimonio en el mar, ofrecemos eventos \u00fanicos en La Manga. Personalizamos cada detalle para crear momentos inolvidables en un ambiente mar\u00edtimo exclusivo. Disfruta de vistas panor\u00e1micas y servicios de alta calidad a bordo. Reserva tu evento especial en Flippa Boat y haz que tu celebraci\u00f3n sea una experiencia marina espectacular.","robots":{"index":"index","follow":"follow","max-snippet":"max-snippet:-1","max-image-preview":"max-image-preview:large","max-video-preview":"max-video-preview:-1"},"canonical":"https:\/\/flippaboat.es\/en\/boat-rental-services-in-the-sleeve\/special-events-2\/","og_locale":"en_GB","og_type":"article","og_title":"Eventos especiales","og_description":"Eventos especiales Celebra Ocasiones Importantes con un Toque de Magia Marina En Flippa Boat, nos especializamos en convertir eventos especiales en","og_url":"https:\/\/flippaboat.es\/en\/boat-rental-services-in-the-sleeve\/special-events-2\/","og_site_name":"Flippa Boat","article_modified_time":"2023-12-28T10:53:08+00:00","og_image":[{"url":"https:\/\/flippaboat.es\/wp-content\/uploads\/2023\/12\/PORTADA.jpg","type":"","width":"","height":""}],"twitter_card":"summary_large_image","twitter_misc":{"Estimated reading time":"3 minutes"},"schema":{"@context":"https:\/\/schema.org","@graph":[{"@type":"WebPage","@id":"https:\/\/flippaboat.es\/servicios-de-alquiler-de-barco-en-la-manga\/eventos-especiales\/","url":"https:\/\/flippaboat.es\/servicios-de-alquiler-de-barco-en-la-manga\/eventos-especiales\/","name":"Celebra Eventos Especiales en Murcia: Experiencias en La Manga con Flippa Boat","isPartOf":{"@id":"https:\/\/flippaboat.es\/#website"},"primaryImageOfPage":{"@id":"https:\/\/flippaboat.es\/servicios-de-alquiler-de-barco-en-la-manga\/eventos-especiales\/#primaryimage"},"image":{"@id":"https:\/\/flippaboat.es\/servicios-de-alquiler-de-barco-en-la-manga\/eventos-especiales\/#primaryimage"},"thumbnailUrl":"https:\/\/flippaboat.es\/wp-content\/uploads\/2023\/12\/PORTADA.jpg","datePublished":"2023-12-09T17:38:52+00:00","dateModified":"2023-12-28T10:53:08+00:00","description":"Organiza celebraciones especiales en Murcia con Flippa Boat. Desde bodas rom\u00e1nticas hasta propuestas de matrimonio en el mar, ofrecemos eventos \u00fanicos en La Manga. Personalizamos cada detalle para crear momentos inolvidables en un ambiente mar\u00edtimo exclusivo. Disfruta de vistas panor\u00e1micas y servicios de alta calidad a bordo. Reserva tu evento especial en Flippa Boat y haz que tu celebraci\u00f3n sea una experiencia marina espectacular.","breadcrumb":{"@id":"https:\/\/flippaboat.es\/servicios-de-alquiler-de-barco-en-la-manga\/eventos-especiales\/#breadcrumb"},"inLanguage":"en-GB","potentialAction":[{"@type":"ReadAction","target":["https:\/\/flippaboat.es\/servicios-de-alquiler-de-barco-en-la-manga\/eventos-especiales\/"]}]},{"@type":"ImageObject","inLanguage":"en-GB","@id":"https:\/\/flippaboat.es\/servicios-de-alquiler-de-barco-en-la-manga\/eventos-especiales\/#primaryimage","url":"https:\/\/flippaboat.es\/wp-content\/uploads\/2023\/12\/PORTADA.jpg","contentUrl":"https:\/\/flippaboat.es\/wp-content\/uploads\/2023\/12\/PORTADA.jpg"},{"@type":"BreadcrumbList","@id":"https:\/\/flippaboat.es\/servicios-de-alquiler-de-barco-en-la-manga\/eventos-especiales\/#breadcrumb","itemListElement":[{"@type":"ListItem","position":1,"name":"Portada","item":"https:\/\/flippaboat.es\/"},{"@type":"ListItem","position":2,"name":"Servicios de Alquiler de Barco en La Manga","item":"https:\/\/flippaboat.es\/servicios-de-alquiler-de-barco-en-la-manga\/"},{"@type":"ListItem","position":3,"name":"Eventos especiales"}]},{"@type":"WebSite","@id":"https:\/\/flippaboat.es\/#website","url":"https:\/\/flippaboat.es\/","name":"Flippa Boat","description":"","publisher":{"@id":"https:\/\/flippaboat.es\/#organization"},"potentialAction":[{"@type":"SearchAction","target":{"@type":"EntryPoint","urlTemplate":"https:\/\/flippaboat.es\/?s={search_term_string}"},"query-input":{"@type":"PropertyValueSpecification","valueRequired":true,"valueName":"search_term_string"}}],"inLanguage":"en-GB"},{"@type":"Organization","@id":"https:\/\/flippaboat.es\/#organization","name":"FlippaBoat","url":"https:\/\/flippaboat.es\/","logo":{"@type":"ImageObject","inLanguage":"en-GB","@id":"https:\/\/flippaboat.es\/#\/schema\/logo\/image\/","url":"https:\/\/FlippaBoat.es\/wp-content\/uploads\/2019\/07\/CAF\u00c9LAB-LOGO-WHITE3CM.svg","contentUrl":"https:\/\/FlippaBoat.es\/wp-content\/uploads\/2019\/07\/CAF\u00c9LAB-LOGO-WHITE3CM.svg","width":1,"height":1,"caption":"FlippaBoat"},"image":{"@id":"https:\/\/flippaboat.es\/#\/schema\/logo\/image\/"}}]}},"_links":{"self":[{"href":"https:\/\/flippaboat.es\/en\/wp-json\/wp\/v2\/pages\/25210","targetHints":{"allow":["GET"]}}],"collection":[{"href":"https:\/\/flippaboat.es\/en\/wp-json\/wp\/v2\/pages"}],"about":[{"href":"https:\/\/flippaboat.es\/en\/wp-json\/wp\/v2\/types\/page"}],"author":[{"embeddable":true,"href":"https:\/\/flippaboat.es\/en\/wp-json\/wp\/v2\/users\/156"}],"replies":[{"embeddable":true,"href":"https:\/\/flippaboat.es\/en\/wp-json\/wp\/v2\/comments?post=25210"}],"version-history":[{"count":9,"href":"https:\/\/flippaboat.es\/en\/wp-json\/wp\/v2\/pages\/25210\/revisions"}],"predecessor-version":[{"id":25982,"href":"https:\/\/flippaboat.es\/en\/wp-json\/wp\/v2\/pages\/25210\/revisions\/25982"}],"up":[{"embeddable":true,"href":"https:\/\/flippaboat.es\/en\/wp-json\/wp\/v2\/pages\/272"}],"wp:attachment":[{"href":"https:\/\/flippaboat.es\/en\/wp-json\/wp\/v2\/media?parent=25210"}],"curies":[{"name":"wp","href":"https:\/\/api.w.org\/{rel}","templated":true}]}}