{"id":25077,"date":"2023-12-09T17:00:29","date_gmt":"2023-12-09T16:00:29","guid":{"rendered":"https:\/\/flippa.hostalize.com\/?page_id=25077"},"modified":"2024-02-06T09:34:29","modified_gmt":"2024-02-06T08:34:29","slug":"isla-del-baron","status":"publish","type":"page","link":"https:\/\/flippaboat.es\/en\/boat-rental-services-in-the-sleeve\/baron-island-2\/","title":{"rendered":"Baron&#039;s Island"},"content":{"rendered":"<div data-elementor-type=\"wp-post\" data-elementor-id=\"25077\" class=\"elementor elementor-25077\" data-elementor-settings=\"{&quot;element_pack_global_tooltip_width&quot;:{&quot;unit&quot;:&quot;px&quot;,&quot;size&quot;:&quot;&quot;,&quot;sizes&quot;:[]},&quot;element_pack_global_tooltip_width_tablet&quot;:{&quot;unit&quot;:&quot;px&quot;,&quot;size&quot;:&quot;&quot;,&quot;sizes&quot;:[]},&quot;element_pack_global_tooltip_width_mobile&quot;:{&quot;unit&quot;:&quot;px&quot;,&quot;size&quot;:&quot;&quot;,&quot;sizes&quot;:[]},&quot;element_pack_global_tooltip_padding&quot;:{&quot;unit&quot;:&quot;px&quot;,&quot;top&quot;:&quot;&quot;,&quot;right&quot;:&quot;&quot;,&quot;bottom&quot;:&quot;&quot;,&quot;left&quot;:&quot;&quot;,&quot;isLinked&quot;:true},&quot;element_pack_global_tooltip_padding_tablet&quot;:{&quot;unit&quot;:&quot;px&quot;,&quot;top&quot;:&quot;&quot;,&quot;right&quot;:&quot;&quot;,&quot;bottom&quot;:&quot;&quot;,&quot;left&quot;:&quot;&quot;,&quot;isLinked&quot;:true},&quot;element_pack_global_tooltip_padding_mobile&quot;:{&quot;unit&quot;:&quot;px&quot;,&quot;top&quot;:&quot;&quot;,&quot;right&quot;:&quot;&quot;,&quot;bottom&quot;:&quot;&quot;,&quot;left&quot;:&quot;&quot;,&quot;isLinked&quot;:true},&quot;element_pack_global_tooltip_border_radius&quot;:{&quot;unit&quot;:&quot;px&quot;,&quot;top&quot;:&quot;&quot;,&quot;right&quot;:&quot;&quot;,&quot;bottom&quot;:&quot;&quot;,&quot;left&quot;:&quot;&quot;,&quot;isLinked&quot;:true},&quot;element_pack_global_tooltip_border_radius_tablet&quot;:{&quot;unit&quot;:&quot;px&quot;,&quot;top&quot;:&quot;&quot;,&quot;right&quot;:&quot;&quot;,&quot;bottom&quot;:&quot;&quot;,&quot;left&quot;:&quot;&quot;,&quot;isLinked&quot;:true},&quot;element_pack_global_tooltip_border_radius_mobile&quot;:{&quot;unit&quot;:&quot;px&quot;,&quot;top&quot;:&quot;&quot;,&quot;right&quot;:&quot;&quot;,&quot;bottom&quot;:&quot;&quot;,&quot;left&quot;:&quot;&quot;,&quot;isLinked&quot;:true}}\" data-elementor-post-type=\"page\">\n\t\t\t\t\t\t<section data-particle_enable=\"false\" data-particle-mobile-disabled=\"false\" class=\"wd-negative-gap elementor-section elementor-top-section elementor-element elementor-element-b12dea8 elementor-section-full_width elementor-section-height-min-height wd-section-stretch elementor-section-height-default elementor-section-items-middle\" data-id=\"b12dea8\" data-element_type=\"section\" data-e-type=\"section\" data-settings=\"{&quot;background_background&quot;:&quot;classic&quot;}\">\n\t\t\t\t\t\t\t<div class=\"elementor-background-overlay\"><\/div>\n\t\t\t\t\t\t\t<div class=\"elementor-container elementor-column-gap-no\">\n\t\t\t\t\t<div class=\"elementor-column elementor-col-100 elementor-top-column elementor-element elementor-element-5c4fc4c color-scheme-light\" data-id=\"5c4fc4c\" data-element_type=\"column\" data-e-type=\"column\">\n\t\t\t<div class=\"elementor-widget-wrap elementor-element-populated\">\n\t\t\t\t\t\t<div class=\"elementor-element elementor-element-2c9c458 elementor-widget__width-initial elementor-widget-tablet__width-initial elementor-invisible elementor-widget elementor-widget-heading\" data-id=\"2c9c458\" data-element_type=\"widget\" data-e-type=\"widget\" data-settings=\"{&quot;_animation&quot;:&quot;fadeIn&quot;}\" data-widget_type=\"heading.default\">\n\t\t\t\t<div class=\"elementor-widget-container\">\n\t\t\t\t\t<h2 class=\"elementor-heading-title elementor-size-default\">Excursion to Baron Island<\/h2>\t\t\t\t<\/div>\n\t\t\t\t<\/div>\n\t\t\t\t<div class=\"elementor-element elementor-element-39467e9 elementor-widget elementor-widget-eael-divider\" data-id=\"39467e9\" data-element_type=\"widget\" data-e-type=\"widget\" data-widget_type=\"eael-divider.default\">\n\t\t\t\t<div class=\"elementor-widget-container\">\n\t\t\t\t\t\t\t<div class=\"eael-divider-wrap divider-direction-horizontal\">\n\t\t\t\t\t\t\t<div class=\"eael-divider horizontal solid\"><\/div>\n\t\t\t\t\t<\/div>\n\t\t\t\t<\/div>\n\t\t\t\t<\/div>\n\t\t\t\t<div class=\"elementor-element elementor-element-1eb6581 elementor-widget-tablet__width-initial elementor-widget elementor-widget-heading\" data-id=\"1eb6581\" data-element_type=\"widget\" data-e-type=\"widget\" data-widget_type=\"heading.default\">\n\t\t\t\t<div class=\"elementor-widget-container\">\n\t\t\t\t\t<h1 class=\"elementor-heading-title elementor-size-default\">Discover the Best Kept Secret of the Mar Menor<\/h1>\t\t\t\t<\/div>\n\t\t\t\t<\/div>\n\t\t\t\t<section data-particle_enable=\"false\" data-particle-mobile-disabled=\"false\" class=\"wd-negative-gap elementor-section elementor-inner-section elementor-element elementor-element-7f7dceb elementor-section-boxed elementor-section-height-default elementor-section-height-default\" data-id=\"7f7dceb\" data-element_type=\"section\" data-e-type=\"section\">\n\t\t\t\t\t\t<div class=\"elementor-container elementor-column-gap-default\">\n\t\t\t\t\t<div class=\"elementor-column elementor-col-50 elementor-inner-column elementor-element elementor-element-0ade5ad\" data-id=\"0ade5ad\" data-element_type=\"column\" data-e-type=\"column\" data-settings=\"{&quot;background_background&quot;:&quot;classic&quot;}\">\n\t\t\t<div class=\"elementor-widget-wrap elementor-element-populated\">\n\t\t\t\t\t\t<div class=\"elementor-element elementor-element-8c46cab elementor-widget elementor-widget-mdp-masker-elementor\" data-id=\"8c46cab\" data-element_type=\"widget\" data-e-type=\"widget\" data-widget_type=\"mdp-masker-elementor.default\">\n\t\t\t\t<div class=\"elementor-widget-container\">\n\t\t\t\t\t\n        <div id=\"mdp-masker-8c46cab\" class=\"mdp-masker\">\n\n            \n                <div class=\"mdp-masker-mask\">\n                                            <div class=\"mdp-masker-image\"><\/div>\n                                    <\/div>\n\n                \n                \n        <\/div>\n\n        \t\t\t\t<\/div>\n\t\t\t\t<\/div>\n\t\t\t\t<div class=\"elementor-element elementor-element-ce25a15 elementor-widget__width-initial elementor-widget-tablet__width-auto elementor-widget-mobile__width-initial wd-width-100 elementor-widget elementor-widget-wd_video\" data-id=\"ce25a15\" data-element_type=\"widget\" data-e-type=\"widget\" data-widget_type=\"wd_video.default\">\n\t\t\t\t<div class=\"elementor-widget-container\">\n\t\t\t\t\t\n\t\t<div class=\"wd-el-video wd-action-play wd-video-vimeo text-center\">\n\t\t\t\n\t\t\t\n\t\t\t\t\t\t\t<a href=\"https:\/\/vimeo.com\/761833167\" class=\"wd-el-video-btn\">\n\t\t\t\t\t<span class=\"wd-el-video-play-btn\"><\/span>\n\t\t\t\t\t\t\t\t\t<\/a>\n\t\t\t\n\t\t\t\t\t<\/div>\n\t\t\t\t\t\t<\/div>\n\t\t\t\t<\/div>\n\t\t\t\t\t<\/div>\n\t\t<\/div>\n\t\t\t\t<div class=\"elementor-column elementor-col-50 elementor-inner-column elementor-element elementor-element-4f3cd7d\" data-id=\"4f3cd7d\" data-element_type=\"column\" data-e-type=\"column\" data-settings=\"{&quot;background_background&quot;:&quot;classic&quot;}\">\n\t\t\t<div class=\"elementor-widget-wrap elementor-element-populated\">\n\t\t\t\t\t\t<div class=\"elementor-element elementor-element-44b722e color-scheme-inherit text-left elementor-widget elementor-widget-text-editor\" data-id=\"44b722e\" data-element_type=\"widget\" data-e-type=\"widget\" data-widget_type=\"text-editor.default\">\n\t\t\t\t<div class=\"elementor-widget-container\">\n\t\t\t\t\t\t\t\t\t<p>Baron Island, also known as Isla Mayor, is a natural treasure located in the heart of the Mar Menor, in the Region of Murcia. This private island, of approximately 93.8 hectares, is notable for its volcanic origin, forming an extinct cone that gives it a distinctive conical shape and a round perimeter. As points of historical and architectural interest, it was the center of the old &quot;Real Coto Islas del Mar Menor&quot; established in 1726 by Philip V for falconry and guarded by the navy; and in 1870, the neo-Mudejar style palace of the Baron of Benifay\u00f3 was erected.<\/p><p>The island is home to a unique ecosystem that preserves the original &quot;Mediterranean maquis&quot; vegetation and a rich diversity of birds, making it an area of \u200b\u200bgreat environmental interest, accredited as a &quot;Wildlife Estate&quot; and with various European environmental awards and prizes.<\/p><p>Since 1875, the first herd of mouflons introduced by the Baron, from the island of Sardinia, as wild sheep that improve vegetation, have lived there, adding a surprising element to its biodiversity. Today, Bar\u00f3n Island is a protected landscape within the European Natura 2000 Network, it is a SPA (Special Protection Area for Birds) and it is a protected natural area of \u200b\u200bthe Region of Murcia.<\/p>\t\t\t\t\t\t\t\t<\/div>\n\t\t\t\t<\/div>\n\t\t\t\t\t<\/div>\n\t\t<\/div>\n\t\t\t\t\t<\/div>\n\t\t<\/section>\n\t\t\t\t\t<\/div>\n\t\t<\/div>\n\t\t\t\t\t<\/div>\n\t\t<\/section>\n\t\t\t\t<section data-particle_enable=\"false\" data-particle-mobile-disabled=\"false\" class=\"wd-negative-gap elementor-section elementor-top-section elementor-element elementor-element-ba7e3a1 elementor-section-content-middle elementor-section-height-min-height wd-section-stretch elementor-section-boxed elementor-section-height-default elementor-section-items-middle\" data-id=\"ba7e3a1\" data-element_type=\"section\" data-e-type=\"section\" data-settings=\"{&quot;background_background&quot;:&quot;classic&quot;}\">\n\t\t\t\t\t\t\t<div class=\"elementor-background-overlay\"><\/div>\n\t\t\t\t\t\t\t<div class=\"elementor-container elementor-column-gap-no\">\n\t\t\t\t\t<div class=\"elementor-column elementor-col-100 elementor-top-column elementor-element elementor-element-6dc38e5 color-scheme-light bdt-backdrop-filter-yes\" data-id=\"6dc38e5\" data-element_type=\"column\" data-e-type=\"column\" data-settings=\"{&quot;background_background&quot;:&quot;classic&quot;}\">\n\t\t\t<div class=\"elementor-widget-wrap elementor-element-populated\">\n\t\t\t\t\t\t<div class=\"elementor-element elementor-element-294f7ff elementor-widget-mobile__width-initial elementor-widget elementor-widget-heading\" data-id=\"294f7ff\" data-element_type=\"widget\" data-e-type=\"widget\" data-widget_type=\"heading.default\">\n\t\t\t\t<div class=\"elementor-widget-container\">\n\t\t\t\t\t<h2 class=\"elementor-heading-title elementor-size-default\">Reasons to visit Baron Island<\/h2>\t\t\t\t<\/div>\n\t\t\t\t<\/div>\n\t\t\t\t<div class=\"elementor-element elementor-element-ec07d75 elementor-widget elementor-widget-eael-divider\" data-id=\"ec07d75\" data-element_type=\"widget\" data-e-type=\"widget\" data-widget_type=\"eael-divider.default\">\n\t\t\t\t<div class=\"elementor-widget-container\">\n\t\t\t\t\t\t\t<div class=\"eael-divider-wrap divider-direction-horizontal\">\n\t\t\t\t\t\t\t<div class=\"eael-divider horizontal solid\"><\/div>\n\t\t\t\t\t<\/div>\n\t\t\t\t<\/div>\n\t\t\t\t<\/div>\n\t\t\t\t<div class=\"elementor-element elementor-element-b5a53cb color-scheme-inherit text-left elementor-widget elementor-widget-text-editor\" data-id=\"b5a53cb\" data-element_type=\"widget\" data-e-type=\"widget\" data-widget_type=\"text-editor.default\">\n\t\t\t\t<div class=\"elementor-widget-container\">\n\t\t\t\t\t\t\t\t\t<p>Join FLIPPA BOAT on an exclusive guided exploration experience of Bar\u00f3n Island, the largest jewel of the Mar Menor. This unique tour, available through a special agreement with your property, invites you to discover a world of history and natural beauty.<\/p><p>At our <span style=\"text-decoration: underline;\"><strong>three and a half hour visit<\/strong><\/span>, you will explore this fascinating enclave, learning about its history, flora, fauna and enjoying panoramic views from the top of its ancient volcano.<\/p><p><strong>What you will discover:<\/strong><\/p><ul><li><strong>History and Architecture:<\/strong> Admire its ancient Arab cisterns and the exterior of the neo-Mudejar palace of the Baron of Benifai\u00f3.<\/li><li><strong>Nature Walk:<\/strong> Enjoy a two-hour tour of the island, immersed in its rich flora and fauna.<\/li><li><strong>Panoramic views:<\/strong> Climb the island&#039;s tower for stunning views of the Mar Menor.<\/li><\/ul><p><strong>Visit Details:<\/strong><\/p><ul><li><strong>Frequency:<\/strong> Two exclusive visits per month.<\/li><li><strong>Cost:<\/strong> 48 euros per person. (children from 3 to 12 years \u20ac25)<\/li><li><strong>Booking:<\/strong> Available on the FLIPPA BOAT website or by phone.<\/li><\/ul>\t\t\t\t\t\t\t\t<\/div>\n\t\t\t\t<\/div>\n\t\t\t\t<div class=\"elementor-element elementor-element-54a0492 elementor-arrows-position-inside elementor-widget elementor-widget-image-carousel\" data-id=\"54a0492\" data-element_type=\"widget\" data-e-type=\"widget\" data-settings=\"{&quot;slides_to_show&quot;:&quot;2&quot;,&quot;navigation&quot;:&quot;arrows&quot;,&quot;slides_to_show_tablet&quot;:&quot;1&quot;,&quot;autoplay&quot;:&quot;yes&quot;,&quot;pause_on_hover&quot;:&quot;yes&quot;,&quot;pause_on_interaction&quot;:&quot;yes&quot;,&quot;autoplay_speed&quot;:5000,&quot;infinite&quot;:&quot;yes&quot;,&quot;speed&quot;:500,&quot;image_spacing_custom&quot;:{&quot;unit&quot;:&quot;px&quot;,&quot;size&quot;:20,&quot;sizes&quot;:[]}}\" data-widget_type=\"image-carousel.default\">\n\t\t\t\t<div class=\"elementor-widget-container\">\n\t\t\t\t\t\t\t<div class=\"elementor-image-carousel-wrapper swiper\" role=\"region\" aria-roledescription=\"carousel\" aria-label=\"Image Carousel\" dir=\"ltr\">\n\t\t\t<div class=\"elementor-image-carousel swiper-wrapper\" aria-live=\"off\">\n\t\t\t\t\t\t\t\t<div class=\"swiper-slide\" role=\"group\" aria-roledescription=\"slide\" aria-label=\"1 of 4\"><figure class=\"swiper-slide-inner\"><img decoding=\"async\" class=\"swiper-slide-image\" src=\"https:\/\/flippaboat.es\/wp-content\/uploads\/2023\/12\/PXL_20231202_121618739.jpg\" alt=\"PXL_20231202_121618739\" \/><\/figure><\/div><div class=\"swiper-slide\" role=\"group\" aria-roledescription=\"slide\" aria-label=\"2 of 4\"><figure class=\"swiper-slide-inner\"><img decoding=\"async\" class=\"swiper-slide-image\" src=\"https:\/\/flippaboat.es\/wp-content\/uploads\/2023\/12\/PXL_20231113_095847932.jpg\" alt=\"PXL_20231113_095847932\" \/><\/figure><\/div><div class=\"swiper-slide\" role=\"group\" aria-roledescription=\"slide\" aria-label=\"3 of 4\"><figure class=\"swiper-slide-inner\"><img decoding=\"async\" class=\"swiper-slide-image\" src=\"https:\/\/flippaboat.es\/wp-content\/uploads\/2023\/12\/PXL_20231113_105906584.jpg\" alt=\"PXL_20231113_105906584\" \/><\/figure><\/div><div class=\"swiper-slide\" role=\"group\" aria-roledescription=\"slide\" aria-label=\"4 of 4\"><figure class=\"swiper-slide-inner\"><img decoding=\"async\" class=\"swiper-slide-image\" src=\"https:\/\/flippaboat.es\/wp-content\/uploads\/2023\/12\/PXL_20231202_115535615.jpg\" alt=\"PXL_20231202_115535615\" \/><\/figure><\/div>\t\t\t<\/div>\n\t\t\t\t\t\t\t\t\t\t\t\t<div class=\"elementor-swiper-button elementor-swiper-button-prev\" role=\"button\" tabindex=\"0\">\n\t\t\t\t\t\t<i aria-hidden=\"true\" class=\"eicon-chevron-left\"><\/i>\t\t\t\t\t<\/div>\n\t\t\t\t\t<div class=\"elementor-swiper-button elementor-swiper-button-next\" role=\"button\" tabindex=\"0\">\n\t\t\t\t\t\t<i aria-hidden=\"true\" class=\"eicon-chevron-right\"><\/i>\t\t\t\t\t<\/div>\n\t\t\t\t\n\t\t\t\t\t\t\t\t\t<\/div>\n\t\t\t\t\t\t<\/div>\n\t\t\t\t<\/div>\n\t\t\t\t<div class=\"elementor-element elementor-element-a61aaf0 elementor-widget-mobile__width-initial elementor-widget__width-initial elementor-widget elementor-widget-wd_button\" data-id=\"a61aaf0\" data-element_type=\"widget\" data-e-type=\"widget\" data-widget_type=\"wd_button.default\">\n\t\t\t\t<div class=\"elementor-widget-container\">\n\t\t\t\t\t\t\t<div class=\"wd-button-wrapper text-center\" >\n\t\t\t<a class=\"btn btn-style-default btn-shape-semi-round btn-size-large btn-color-alt btn-full-width btn-icon-pos-left\"  href=\"https:\/\/flippaboat.es\/wp-content\/uploads\/2023\/12\/ISLA-BARON.pdf\">\n\t\t\t\t<span class=\"wd-btn-text\" data-elementor-setting-key=\"text\">\n\t\t\t\t\tDOWNLOAD INFORMATION IN PDF ABOUT THE EXPERIENCE\t\t\t\t<\/span>\n\n\t\t\t\t\t\t\t\t\t<span class=\"wd-btn-icon\">\n\t\t\t\t\t\t<span class=\"wd-icon fas fa-file-download\"><\/span>\t\t\t\t\t<\/span>\n\t\t\t\t\t\t\t<\/a>\n\t\t<\/div>\n\t\t\t\t\t\t<\/div>\n\t\t\t\t<\/div>\n\t\t\t\t<div class=\"elementor-element elementor-element-a0c2f6d elementor-alert-info elementor-widget elementor-widget-alert\" data-id=\"a0c2f6d\" data-element_type=\"widget\" data-e-type=\"widget\" data-widget_type=\"alert.default\">\n\t\t\t\t<div class=\"elementor-widget-container\">\n\t\t\t\t\t\t\t<div class=\"elementor-alert\" role=\"alert\">\n\n\t\t\t\t\t\t<span class=\"elementor-alert-title\">Important announcement<\/span>\n\t\t\t\n\t\t\t\t\t\t<span class=\"elementor-alert-description\">Mandatory identification of each person with their ID or passport and confirmation upon boarding.<br>Total prohibition of smoking on the island and taking photos\/videos during the visit. We prioritize your safety. The skipper may modify or suspend departures for technical or meteorological reasons, as well as reserve the right of admission. The minimum capacity per departure is 10 people. If the minimum is not reached, the day will be rescheduled. <\/span>\n\t\t\t\n\t\t\t\t\t\t<button type=\"button\" class=\"elementor-alert-dismiss\" aria-label=\"Dismiss this alert.\">\n\t\t\t\t\t\t\t\t\t<span aria-hidden=\"true\">\u00d7<\/span>\n\t\t\t\t\t\t\t<\/button>\n\t\t\t\n\t\t<\/div>\n\t\t\t\t\t\t<\/div>\n\t\t\t\t<\/div>\n\t\t\t\t<div class=\"elementor-element elementor-element-9b00226 elementor-widget elementor-widget-shortcode\" data-id=\"9b00226\" data-element_type=\"widget\" data-e-type=\"widget\" data-widget_type=\"shortcode.default\">\n\t\t\t\t<div class=\"elementor-widget-container\">\n\t\t\t\t\t\t\t<div class=\"elementor-shortcode\"><div class=\"latepoint-book-form-wrapper os-loading os_init_booking_form\" id=\"latepointBookForm_69d974a963fbb\" data-show-services=\"1\" data-selected-agent=\"1\" data-hide-summary=\"yes\" >\n\t\t\t\t\t\t<div class=\"latepoint-w latepoint-inline-form latepoint-show-side-panel\">\n\t\t\t\t\t\t\t<div class=\"latepoint-booking-form-element\">\n\t\t\t\t\t\t\t\t<div class=\"latepoint-side-panel\"><\/div>\n\t\t\t\t\t\t\t\t<div class=\"latepoint-form-w\"><\/div>\n\t\t\t\t\t\t\t<\/div>\n\t\t\t\t\t\t<\/div>\n\t\t\t\t\t<\/div><\/div>\n\t\t\t\t\t\t<\/div>\n\t\t\t\t<\/div>\n\t\t\t\t\t<\/div>\n\t\t<\/div>\n\t\t\t\t\t<\/div>\n\t\t<\/section>\n\t\t\t\t<\/div>","protected":false},"excerpt":{"rendered":"<p>Excursion to Bar\u00f3n Island Discover the Best Kept Secret of the Mar Menor Bar\u00f3n Island, also known<\/p>","protected":false},"author":156,"featured_media":0,"parent":272,"menu_order":4,"comment_status":"closed","ping_status":"closed","template":"elementor_header_footer","meta":{"footnotes":""},"class_list":["post-25077","page","type-page","status-publish","hentry"],"yoast_head":"<!-- This site is optimized with the Yoast SEO Premium plugin v21.6 (Yoast SEO v27.1.1) - https:\/\/yoast.com\/product\/yoast-seo-premium-wordpress\/ -->\n<title>Excursi\u00f3n a la Isla del Bar\u00f3n con Flippa Boat: Turismo en La Manga<\/title>\n<meta name=\"description\" content=\"\u00danete a Flippa Boat en una exclusiva aventura a la Isla del Bar\u00f3n, el secreto mejor guardado del Mar Menor. Descubre su rica historia, arquitectura neomud\u00e9jar y biodiversidad \u00fanica en una visita guiada de tres horas y media. Con salidas limitadas mensuales, esta experiencia te ofrece una inmersi\u00f3n en la naturaleza, historia y vistas panor\u00e1micas \u00fanicas. Reserva tu lugar en esta aventura \u00fanica y vive la magia de la Isla del Bar\u00f3n con Flippa Boat.\" \/>\n<meta name=\"robots\" content=\"index, follow, max-snippet:-1, max-image-preview:large, max-video-preview:-1\" \/>\n<link rel=\"canonical\" href=\"https:\/\/flippaboat.es\/en\/boat-rental-services-in-the-sleeve\/baron-island-2\/\" \/>\n<meta property=\"og:locale\" content=\"en_GB\" \/>\n<meta property=\"og:type\" content=\"article\" \/>\n<meta property=\"og:title\" content=\"Isla del bar\u00f3n\" \/>\n<meta property=\"og:description\" content=\"Excursi\u00f3n a la Isla del Bar\u00f3n Descubre el Secreto Mejor Guardado del Mar Menor La Isla del Bar\u00f3n, conocida tambi\u00e9n como Isla Mayor, es un tesoro natural\" \/>\n<meta property=\"og:url\" content=\"https:\/\/flippaboat.es\/en\/boat-rental-services-in-the-sleeve\/baron-island-2\/\" \/>\n<meta property=\"og:site_name\" content=\"Flippa Boat\" \/>\n<meta property=\"article:modified_time\" content=\"2024-02-06T08:34:29+00:00\" \/>\n<meta property=\"og:image\" content=\"https:\/\/flippaboat.es\/wp-content\/uploads\/2023\/12\/PXL_20231202_121618739.jpg\" \/>\n<meta name=\"twitter:card\" content=\"summary_large_image\" \/>\n<meta name=\"twitter:label1\" content=\"Estimated reading time\" \/>\n\t<meta name=\"twitter:data1\" content=\"4 minutes\" \/>\n<!-- \/ Yoast SEO Premium plugin. -->","yoast_head_json":{"title":"Excursi\u00f3n a la Isla del Bar\u00f3n con Flippa Boat: Turismo en La Manga","description":"\u00danete a Flippa Boat en una exclusiva aventura a la Isla del Bar\u00f3n, el secreto mejor guardado del Mar Menor. Descubre su rica historia, arquitectura neomud\u00e9jar y biodiversidad \u00fanica en una visita guiada de tres horas y media. Con salidas limitadas mensuales, esta experiencia te ofrece una inmersi\u00f3n en la naturaleza, historia y vistas panor\u00e1micas \u00fanicas. Reserva tu lugar en esta aventura \u00fanica y vive la magia de la Isla del Bar\u00f3n con Flippa Boat.","robots":{"index":"index","follow":"follow","max-snippet":"max-snippet:-1","max-image-preview":"max-image-preview:large","max-video-preview":"max-video-preview:-1"},"canonical":"https:\/\/flippaboat.es\/en\/boat-rental-services-in-the-sleeve\/baron-island-2\/","og_locale":"en_GB","og_type":"article","og_title":"Isla del bar\u00f3n","og_description":"Excursi\u00f3n a la Isla del Bar\u00f3n Descubre el Secreto Mejor Guardado del Mar Menor La Isla del Bar\u00f3n, conocida tambi\u00e9n como Isla Mayor, es un tesoro natural","og_url":"https:\/\/flippaboat.es\/en\/boat-rental-services-in-the-sleeve\/baron-island-2\/","og_site_name":"Flippa Boat","article_modified_time":"2024-02-06T08:34:29+00:00","og_image":[{"url":"https:\/\/flippaboat.es\/wp-content\/uploads\/2023\/12\/PXL_20231202_121618739.jpg","type":"","width":"","height":""}],"twitter_card":"summary_large_image","twitter_misc":{"Estimated reading time":"4 minutes"},"schema":{"@context":"https:\/\/schema.org","@graph":[{"@type":"WebPage","@id":"https:\/\/flippaboat.es\/servicios-de-alquiler-de-barco-en-la-manga\/isla-del-baron\/","url":"https:\/\/flippaboat.es\/servicios-de-alquiler-de-barco-en-la-manga\/isla-del-baron\/","name":"Excursi\u00f3n a la Isla del Bar\u00f3n con Flippa Boat: Turismo en La Manga","isPartOf":{"@id":"https:\/\/flippaboat.es\/#website"},"primaryImageOfPage":{"@id":"https:\/\/flippaboat.es\/servicios-de-alquiler-de-barco-en-la-manga\/isla-del-baron\/#primaryimage"},"image":{"@id":"https:\/\/flippaboat.es\/servicios-de-alquiler-de-barco-en-la-manga\/isla-del-baron\/#primaryimage"},"thumbnailUrl":"https:\/\/flippaboat.es\/wp-content\/uploads\/2023\/12\/PXL_20231202_121618739.jpg","datePublished":"2023-12-09T16:00:29+00:00","dateModified":"2024-02-06T08:34:29+00:00","description":"\u00danete a Flippa Boat en una exclusiva aventura a la Isla del Bar\u00f3n, el secreto mejor guardado del Mar Menor. Descubre su rica historia, arquitectura neomud\u00e9jar y biodiversidad \u00fanica en una visita guiada de tres horas y media. Con salidas limitadas mensuales, esta experiencia te ofrece una inmersi\u00f3n en la naturaleza, historia y vistas panor\u00e1micas \u00fanicas. Reserva tu lugar en esta aventura \u00fanica y vive la magia de la Isla del Bar\u00f3n con Flippa Boat.","breadcrumb":{"@id":"https:\/\/flippaboat.es\/servicios-de-alquiler-de-barco-en-la-manga\/isla-del-baron\/#breadcrumb"},"inLanguage":"en-GB","potentialAction":[{"@type":"ReadAction","target":["https:\/\/flippaboat.es\/servicios-de-alquiler-de-barco-en-la-manga\/isla-del-baron\/"]}]},{"@type":"ImageObject","inLanguage":"en-GB","@id":"https:\/\/flippaboat.es\/servicios-de-alquiler-de-barco-en-la-manga\/isla-del-baron\/#primaryimage","url":"https:\/\/flippaboat.es\/wp-content\/uploads\/2023\/12\/PXL_20231202_121618739.jpg","contentUrl":"https:\/\/flippaboat.es\/wp-content\/uploads\/2023\/12\/PXL_20231202_121618739.jpg"},{"@type":"BreadcrumbList","@id":"https:\/\/flippaboat.es\/servicios-de-alquiler-de-barco-en-la-manga\/isla-del-baron\/#breadcrumb","itemListElement":[{"@type":"ListItem","position":1,"name":"Portada","item":"https:\/\/flippaboat.es\/"},{"@type":"ListItem","position":2,"name":"Servicios de Alquiler de Barco en La Manga","item":"https:\/\/flippaboat.es\/servicios-de-alquiler-de-barco-en-la-manga\/"},{"@type":"ListItem","position":3,"name":"Isla del bar\u00f3n"}]},{"@type":"WebSite","@id":"https:\/\/flippaboat.es\/#website","url":"https:\/\/flippaboat.es\/","name":"Flippa Boat","description":"","publisher":{"@id":"https:\/\/flippaboat.es\/#organization"},"potentialAction":[{"@type":"SearchAction","target":{"@type":"EntryPoint","urlTemplate":"https:\/\/flippaboat.es\/?s={search_term_string}"},"query-input":{"@type":"PropertyValueSpecification","valueRequired":true,"valueName":"search_term_string"}}],"inLanguage":"en-GB"},{"@type":"Organization","@id":"https:\/\/flippaboat.es\/#organization","name":"FlippaBoat","url":"https:\/\/flippaboat.es\/","logo":{"@type":"ImageObject","inLanguage":"en-GB","@id":"https:\/\/flippaboat.es\/#\/schema\/logo\/image\/","url":"https:\/\/FlippaBoat.es\/wp-content\/uploads\/2019\/07\/CAF\u00c9LAB-LOGO-WHITE3CM.svg","contentUrl":"https:\/\/FlippaBoat.es\/wp-content\/uploads\/2019\/07\/CAF\u00c9LAB-LOGO-WHITE3CM.svg","width":1,"height":1,"caption":"FlippaBoat"},"image":{"@id":"https:\/\/flippaboat.es\/#\/schema\/logo\/image\/"}}]}},"_links":{"self":[{"href":"https:\/\/flippaboat.es\/en\/wp-json\/wp\/v2\/pages\/25077","targetHints":{"allow":["GET"]}}],"collection":[{"href":"https:\/\/flippaboat.es\/en\/wp-json\/wp\/v2\/pages"}],"about":[{"href":"https:\/\/flippaboat.es\/en\/wp-json\/wp\/v2\/types\/page"}],"author":[{"embeddable":true,"href":"https:\/\/flippaboat.es\/en\/wp-json\/wp\/v2\/users\/156"}],"replies":[{"embeddable":true,"href":"https:\/\/flippaboat.es\/en\/wp-json\/wp\/v2\/comments?post=25077"}],"version-history":[{"count":30,"href":"https:\/\/flippaboat.es\/en\/wp-json\/wp\/v2\/pages\/25077\/revisions"}],"predecessor-version":[{"id":26213,"href":"https:\/\/flippaboat.es\/en\/wp-json\/wp\/v2\/pages\/25077\/revisions\/26213"}],"up":[{"embeddable":true,"href":"https:\/\/flippaboat.es\/en\/wp-json\/wp\/v2\/pages\/272"}],"wp:attachment":[{"href":"https:\/\/flippaboat.es\/en\/wp-json\/wp\/v2\/media?parent=25077"}],"curies":[{"name":"wp","href":"https:\/\/api.w.org\/{rel}","templated":true}]}}