{"id":24716,"date":"2023-12-08T21:18:22","date_gmt":"2023-12-08T20:18:22","guid":{"rendered":"https:\/\/flippa.hostalize.com\/?page_id=24716"},"modified":"2024-07-20T23:12:56","modified_gmt":"2024-07-20T21:12:56","slug":"sobre-flippaboat","status":"publish","type":"page","link":"https:\/\/flippaboat.es\/en\/about-flippaboat\/","title":{"rendered":"About FlippaBoat"},"content":{"rendered":"<div data-elementor-type=\"wp-page\" data-elementor-id=\"24716\" class=\"elementor elementor-24716\" data-elementor-settings=\"{&quot;element_pack_global_tooltip_width&quot;:{&quot;unit&quot;:&quot;px&quot;,&quot;size&quot;:&quot;&quot;,&quot;sizes&quot;:[]},&quot;element_pack_global_tooltip_width_tablet&quot;:{&quot;unit&quot;:&quot;px&quot;,&quot;size&quot;:&quot;&quot;,&quot;sizes&quot;:[]},&quot;element_pack_global_tooltip_width_mobile&quot;:{&quot;unit&quot;:&quot;px&quot;,&quot;size&quot;:&quot;&quot;,&quot;sizes&quot;:[]},&quot;element_pack_global_tooltip_padding&quot;:{&quot;unit&quot;:&quot;px&quot;,&quot;top&quot;:&quot;&quot;,&quot;right&quot;:&quot;&quot;,&quot;bottom&quot;:&quot;&quot;,&quot;left&quot;:&quot;&quot;,&quot;isLinked&quot;:true},&quot;element_pack_global_tooltip_padding_tablet&quot;:{&quot;unit&quot;:&quot;px&quot;,&quot;top&quot;:&quot;&quot;,&quot;right&quot;:&quot;&quot;,&quot;bottom&quot;:&quot;&quot;,&quot;left&quot;:&quot;&quot;,&quot;isLinked&quot;:true},&quot;element_pack_global_tooltip_padding_mobile&quot;:{&quot;unit&quot;:&quot;px&quot;,&quot;top&quot;:&quot;&quot;,&quot;right&quot;:&quot;&quot;,&quot;bottom&quot;:&quot;&quot;,&quot;left&quot;:&quot;&quot;,&quot;isLinked&quot;:true},&quot;element_pack_global_tooltip_border_radius&quot;:{&quot;unit&quot;:&quot;px&quot;,&quot;top&quot;:&quot;&quot;,&quot;right&quot;:&quot;&quot;,&quot;bottom&quot;:&quot;&quot;,&quot;left&quot;:&quot;&quot;,&quot;isLinked&quot;:true},&quot;element_pack_global_tooltip_border_radius_tablet&quot;:{&quot;unit&quot;:&quot;px&quot;,&quot;top&quot;:&quot;&quot;,&quot;right&quot;:&quot;&quot;,&quot;bottom&quot;:&quot;&quot;,&quot;left&quot;:&quot;&quot;,&quot;isLinked&quot;:true},&quot;element_pack_global_tooltip_border_radius_mobile&quot;:{&quot;unit&quot;:&quot;px&quot;,&quot;top&quot;:&quot;&quot;,&quot;right&quot;:&quot;&quot;,&quot;bottom&quot;:&quot;&quot;,&quot;left&quot;:&quot;&quot;,&quot;isLinked&quot;:true}}\" data-elementor-post-type=\"page\">\n\t\t\t\t\t\t<section data-particle_enable=\"false\" data-particle-mobile-disabled=\"false\" class=\"wd-negative-gap elementor-section elementor-top-section elementor-element elementor-element-3d894bcd elementor-section-full_width elementor-section-height-min-height wd-section-stretch elementor-section-height-default elementor-section-items-middle\" data-id=\"3d894bcd\" data-element_type=\"section\" data-e-type=\"section\" data-settings=\"{&quot;background_background&quot;:&quot;classic&quot;}\">\n\t\t\t\t\t\t\t<div class=\"elementor-background-overlay\"><\/div>\n\t\t\t\t\t\t\t<div class=\"elementor-container elementor-column-gap-no\">\n\t\t\t\t\t<div class=\"elementor-column elementor-col-100 elementor-top-column elementor-element elementor-element-2876fd19\" data-id=\"2876fd19\" data-element_type=\"column\" data-e-type=\"column\">\n\t\t\t<div class=\"elementor-widget-wrap elementor-element-populated\">\n\t\t\t\t\t\t<div class=\"elementor-element elementor-element-2dc4054e elementor-invisible elementor-widget elementor-widget-heading\" data-id=\"2dc4054e\" data-element_type=\"widget\" data-e-type=\"widget\" data-settings=\"{&quot;_animation&quot;:&quot;fadeIn&quot;}\" data-widget_type=\"heading.default\">\n\t\t\t\t<div class=\"elementor-widget-container\">\n\t\t\t\t\t<h1 class=\"elementor-heading-title elementor-size-default\">About flippa boat<\/h1>\t\t\t\t<\/div>\n\t\t\t\t<\/div>\n\t\t\t\t<div class=\"elementor-element elementor-element-d886a8e elementor-widget elementor-widget-eael-divider\" data-id=\"d886a8e\" data-element_type=\"widget\" data-e-type=\"widget\" data-widget_type=\"eael-divider.default\">\n\t\t\t\t<div class=\"elementor-widget-container\">\n\t\t\t\t\t\t\t<div class=\"eael-divider-wrap divider-direction-horizontal\">\n\t\t\t\t\t\t\t<div class=\"eael-divider horizontal solid\"><\/div>\n\t\t\t\t\t<\/div>\n\t\t\t\t<\/div>\n\t\t\t\t<\/div>\n\t\t\t\t<div class=\"elementor-element elementor-element-5192ca91 elementor-widget elementor-widget-heading\" data-id=\"5192ca91\" data-element_type=\"widget\" data-e-type=\"widget\" data-widget_type=\"heading.default\">\n\t\t\t\t<div class=\"elementor-widget-container\">\n\t\t\t\t\t<h2 class=\"elementor-heading-title elementor-size-default\">More than a Service, an Unforgettable Experience at Sea<\/h2>\t\t\t\t<\/div>\n\t\t\t\t<\/div>\n\t\t\t\t<section data-particle_enable=\"false\" data-particle-mobile-disabled=\"false\" class=\"wd-negative-gap elementor-section elementor-inner-section elementor-element elementor-element-aa56774 elementor-section-boxed elementor-section-height-default elementor-section-height-default\" data-id=\"aa56774\" data-element_type=\"section\" data-e-type=\"section\">\n\t\t\t\t\t\t<div class=\"elementor-container elementor-column-gap-default\">\n\t\t\t\t\t<div class=\"elementor-column elementor-col-50 elementor-inner-column elementor-element elementor-element-2f7bcd2\" data-id=\"2f7bcd2\" data-element_type=\"column\" data-e-type=\"column\" data-settings=\"{&quot;background_background&quot;:&quot;classic&quot;}\">\n\t\t\t<div class=\"elementor-widget-wrap elementor-element-populated\">\n\t\t\t\t\t\t<div class=\"elementor-element elementor-element-4cd5f73 elementor-widget elementor-widget-mdp-masker-elementor\" data-id=\"4cd5f73\" data-element_type=\"widget\" data-e-type=\"widget\" data-widget_type=\"mdp-masker-elementor.default\">\n\t\t\t\t<div class=\"elementor-widget-container\">\n\t\t\t\t\t\n        <div id=\"mdp-masker-4cd5f73\" class=\"mdp-masker\">\n\n            \n                <div class=\"mdp-masker-mask\">\n                                            <div class=\"mdp-masker-image\"><\/div>\n                                    <\/div>\n\n                \n                \n        <\/div>\n\n        \t\t\t\t<\/div>\n\t\t\t\t<\/div>\n\t\t\t\t\t<\/div>\n\t\t<\/div>\n\t\t\t\t<div class=\"elementor-column elementor-col-50 elementor-inner-column elementor-element elementor-element-f1491fc\" data-id=\"f1491fc\" data-element_type=\"column\" data-e-type=\"column\" data-settings=\"{&quot;background_background&quot;:&quot;classic&quot;}\">\n\t\t\t<div class=\"elementor-widget-wrap elementor-element-populated\">\n\t\t\t\t\t\t<div class=\"elementor-element elementor-element-49647bf elementor-widget elementor-widget-heading\" data-id=\"49647bf\" data-element_type=\"widget\" data-e-type=\"widget\" data-widget_type=\"heading.default\">\n\t\t\t\t<div class=\"elementor-widget-container\">\n\t\t\t\t\t<h2 class=\"elementor-heading-title elementor-size-default\">Team<\/h2>\t\t\t\t<\/div>\n\t\t\t\t<\/div>\n\t\t\t\t<div class=\"elementor-element elementor-element-1148006c color-scheme-inherit text-left elementor-widget elementor-widget-text-editor\" data-id=\"1148006c\" data-element_type=\"widget\" data-e-type=\"widget\" data-widget_type=\"text-editor.default\">\n\t\t\t\t<div class=\"elementor-widget-container\">\n\t\t\t\t\t\t\t\t\t<p>In <strong>Flippa Boat<\/strong>, a team of young sailing enthusiasts and experts, we are dedicated to providing you <strong>adventure<\/strong> marine <strong>exceptional<\/strong>. Our mission is clear: to offer personalized and superior sailing experiences that will resonate in your memory long after you have disembarked.<\/p><p>With a wide range of services that include from <strong>romantic outings to group excursions<\/strong>, our focus is to make each client feel unique and special, sharing with them the majesty and mystery of the sea.<\/p>\t\t\t\t\t\t\t\t<\/div>\n\t\t\t\t<\/div>\n\t\t\t\t\t<\/div>\n\t\t<\/div>\n\t\t\t\t\t<\/div>\n\t\t<\/section>\n\t\t\t\t\t<\/div>\n\t\t<\/div>\n\t\t\t\t\t<\/div>\n\t\t<\/section>\n\t\t\t\t<section data-particle_enable=\"false\" data-particle-mobile-disabled=\"false\" class=\"elementor-section elementor-top-section elementor-element elementor-element-52c94f18 elementor-section-content-middle elementor-section-height-min-height wd-section-stretch elementor-section-boxed elementor-section-height-default elementor-section-items-middle\" data-id=\"52c94f18\" data-element_type=\"section\" data-e-type=\"section\" data-settings=\"{&quot;background_background&quot;:&quot;slideshow&quot;,&quot;background_slideshow_gallery&quot;:[{&quot;id&quot;:24443,&quot;url&quot;:&quot;https:\\\/\\\/flippaboat.es\\\/wp-content\\\/uploads\\\/2023\\\/12\\\/barco-despedida-solteros-scaled.jpg&quot;}],&quot;background_slideshow_ken_burns&quot;:&quot;yes&quot;,&quot;background_slideshow_loop&quot;:&quot;yes&quot;,&quot;background_slideshow_slide_duration&quot;:5000,&quot;background_slideshow_slide_transition&quot;:&quot;fade&quot;,&quot;background_slideshow_transition_duration&quot;:500,&quot;background_slideshow_ken_burns_zoom_direction&quot;:&quot;in&quot;}\">\n\t\t\t\t\t\t\t<div class=\"elementor-background-overlay\"><\/div>\n\t\t\t\t\t\t\t<div class=\"elementor-container elementor-column-gap-no\">\n\t\t\t\t\t<div class=\"elementor-column elementor-col-100 elementor-top-column elementor-element elementor-element-77e4b7c0 color-scheme-light\" data-id=\"77e4b7c0\" data-element_type=\"column\" data-e-type=\"column\" data-settings=\"{&quot;background_background&quot;:&quot;gradient&quot;}\">\n\t\t\t<div class=\"elementor-widget-wrap elementor-element-populated\">\n\t\t\t\t\t\t<div class=\"elementor-element elementor-element-6e5a1126 elementor-widget elementor-widget-heading\" data-id=\"6e5a1126\" data-element_type=\"widget\" data-e-type=\"widget\" data-widget_type=\"heading.default\">\n\t\t\t\t<div class=\"elementor-widget-container\">\n\t\t\t\t\t<h3 class=\"elementor-heading-title elementor-size-default\">Our Boat<\/h3>\t\t\t\t<\/div>\n\t\t\t\t<\/div>\n\t\t\t\t<div class=\"elementor-element elementor-element-24af792 color-scheme-inherit text-left elementor-widget elementor-widget-text-editor\" data-id=\"24af792\" data-element_type=\"widget\" data-e-type=\"widget\" data-widget_type=\"text-editor.default\">\n\t\t\t\t<div class=\"elementor-widget-container\">\n\t\t\t\t\t\t\t\t\t<p>The jewel of our fleet, the Flippa Boat, is a masterpiece of design and functionality. The Flippa Boat is not just a means of transportation; It is a platform to live <span style=\"text-decoration: underline;\"><strong>memorable experiences<\/strong><\/span> at sea, combining safety and fun.<\/p>\t\t\t\t\t\t\t\t<\/div>\n\t\t\t\t<\/div>\n\t\t\t\t<div class=\"elementor-element elementor-element-708bcce elementor-widget elementor-widget-eael-adv-accordion\" data-id=\"708bcce\" data-element_type=\"widget\" data-e-type=\"widget\" data-widget_type=\"eael-adv-accordion.default\">\n\t\t\t\t<div class=\"elementor-widget-container\">\n\t\t\t\t\t            <div class=\"eael-adv-accordion\" id=\"eael-adv-accordion-708bcce\" data-scroll-on-click=\"no\" data-scroll-speed=\"300\" data-accordion-id=\"708bcce\" data-accordion-type=\"accordion\" data-toogle-speed=\"300\">\n            <div class=\"eael-accordion-list\">\n\t\t\t\t\t<div id=\"capacidad-y-tamao\" class=\"elementor-tab-title eael-accordion-header\" tabindex=\"0\" data-tab=\"1\" aria-controls=\"elementor-tab-content-1181\"><span class=\"eael-advanced-accordion-icon-closed\"><i aria-hidden=\"true\" class=\"fa-accordion-icon fas fa-plus\"><\/i><\/span><span class=\"eael-advanced-accordion-icon-opened\"><i aria-hidden=\"true\" class=\"fa-accordion-icon fas fa-minus\"><\/i><\/span><h4 class=\"eael-accordion-tab-title\">Capacity and Size<\/h4><i aria-hidden=\"true\" class=\"fa-toggle fas fa-angle-right\"><\/i><\/div><div id=\"elementor-tab-content-1181\" class=\"eael-accordion-content clearfix\" data-tab=\"1\" aria-labelledby=\"capacidad-y-tamao\"><p>Capable of hosting up to 66 people, with an approximate length of 20 meters, perfect for large groups and private events.<\/p><\/div>\n\t\t\t\t\t<\/div><div class=\"eael-accordion-list\">\n\t\t\t\t\t<div id=\"zonas-diversificadas\" class=\"elementor-tab-title eael-accordion-header\" tabindex=\"0\" data-tab=\"2\" aria-controls=\"elementor-tab-content-1182\"><span class=\"eael-advanced-accordion-icon-closed\"><i aria-hidden=\"true\" class=\"fa-accordion-icon fas fa-plus\"><\/i><\/span><span class=\"eael-advanced-accordion-icon-opened\"><i aria-hidden=\"true\" class=\"fa-accordion-icon fas fa-minus\"><\/i><\/span><h4 class=\"eael-accordion-tab-title\">Diversified Zones<\/h4><i aria-hidden=\"true\" class=\"fa-toggle fas fa-angle-right\"><\/i><\/div><div id=\"elementor-tab-content-1182\" class=\"eael-accordion-content clearfix\" data-tab=\"2\" aria-labelledby=\"zonas-diversificadas\"><ul><li><span style=\"text-decoration: underline\"><strong>Protected Interior Zone:<\/strong><\/span> Ideal to relax and enjoy a more intimate atmosphere.<\/li><li><span style=\"text-decoration: underline\"><strong>Refreshing Foredeck:<\/strong><\/span> Experience the sea breeze and panoramic views.<\/li><li><strong><span style=\"text-decoration: underline\">Exclusive VIP Area on the Upper Deck: <\/span><\/strong>For a luxury experience with incomparable views.<\/li><\/ul><\/div>\n\t\t\t\t\t<\/div><div class=\"eael-accordion-list\">\n\t\t\t\t\t<div id=\"multifuncionalidad\" class=\"elementor-tab-title eael-accordion-header\" tabindex=\"0\" data-tab=\"3\" aria-controls=\"elementor-tab-content-1183\"><span class=\"eael-advanced-accordion-icon-closed\"><i aria-hidden=\"true\" class=\"fa-accordion-icon fas fa-plus\"><\/i><\/span><span class=\"eael-advanced-accordion-icon-opened\"><i aria-hidden=\"true\" class=\"fa-accordion-icon fas fa-minus\"><\/i><\/span><h4 class=\"eael-accordion-tab-title\">Multifunctionality<\/h4><i aria-hidden=\"true\" class=\"fa-toggle fas fa-angle-right\"><\/i><\/div><div id=\"elementor-tab-content-1183\" class=\"eael-accordion-content clearfix\" data-tab=\"3\" aria-labelledby=\"multifuncionalidad\"><p>Designed for both quiet daytime excursions and vibrant nighttime parties.<\/p><\/div>\n\t\t\t\t\t<\/div><div class=\"eael-accordion-list\">\n\t\t\t\t\t<div id=\"seguridad-priorizada\" class=\"elementor-tab-title eael-accordion-header\" tabindex=\"0\" data-tab=\"4\" aria-controls=\"elementor-tab-content-1184\"><span class=\"eael-advanced-accordion-icon-closed\"><i aria-hidden=\"true\" class=\"fa-accordion-icon fas fa-plus\"><\/i><\/span><span class=\"eael-advanced-accordion-icon-opened\"><i aria-hidden=\"true\" class=\"fa-accordion-icon fas fa-minus\"><\/i><\/span><h4 class=\"eael-accordion-tab-title\">Prioritized Security<\/h4><i aria-hidden=\"true\" class=\"fa-toggle fas fa-angle-right\"><\/i><\/div><div id=\"elementor-tab-content-1184\" class=\"eael-accordion-content clearfix\" data-tab=\"4\" aria-labelledby=\"seguridad-priorizada\"><p>Equipped with the latest safety measures to ensure a smooth and worry-free trip.<\/p><div><ul><li>At sea the first premise is safety, you can have a good time but always with responsibility.<\/li><li>Behave like a good cabin boy and always listen to the captain! If you don&#039;t want your party to end before it starts.<\/li><li>You must be attentive and always listen to the crew, so we can take care of you while you have fun.<\/li><\/ul><\/div><\/div>\n\t\t\t\t\t<\/div><div class=\"eael-accordion-list\">\n\t\t\t\t\t<div id=\"confort-garantizado\" class=\"elementor-tab-title eael-accordion-header\" tabindex=\"0\" data-tab=\"5\" aria-controls=\"elementor-tab-content-1185\"><span class=\"eael-advanced-accordion-icon-closed\"><i aria-hidden=\"true\" class=\"fa-accordion-icon fas fa-plus\"><\/i><\/span><span class=\"eael-advanced-accordion-icon-opened\"><i aria-hidden=\"true\" class=\"fa-accordion-icon fas fa-minus\"><\/i><\/span><h4 class=\"eael-accordion-tab-title\">Guaranteed Comfort<\/h4><i aria-hidden=\"true\" class=\"fa-toggle fas fa-angle-right\"><\/i><\/div><div id=\"elementor-tab-content-1185\" class=\"eael-accordion-content clearfix\" data-tab=\"5\" aria-labelledby=\"confort-garantizado\"><p>Well-thought-out and equipped spaces for maximum comfort during your marine experience.<\/p><\/div>\n\t\t\t\t\t<\/div><\/div>\t\t\t\t<\/div>\n\t\t\t\t<\/div>\n\t\t\t\t<div class=\"elementor-element elementor-element-828c9f9 elementor-widget elementor-widget-wd_button\" data-id=\"828c9f9\" data-element_type=\"widget\" data-e-type=\"widget\" data-widget_type=\"wd_button.default\">\n\t\t\t\t<div class=\"elementor-widget-container\">\n\t\t\t\t\t\t\t<div class=\"wd-button-wrapper text-center wd-smooth-scroll\"  data-smooth-time=\"1000\" data-smooth-offset=\"100\">\n\t\t\t<a class=\"btn btn-style-bordered btn-shape-semi-round btn-size-extra-large btn-color-black btn-full-width btn-icon-pos-right\"  href=\"https:\/\/flippaboat.es\/en\/book-boat-rental-la-manga-2\/\">\n\t\t\t\t<span class=\"wd-btn-text\" data-elementor-setting-key=\"text\">\n\t\t\t\t\tI WANT TO BOOK!\t\t\t\t<\/span>\n\n\t\t\t\t\t\t\t<\/a>\n\t\t<\/div>\n\t\t\t\t\t\t<\/div>\n\t\t\t\t<\/div>\n\t\t\t\t<div class=\"elementor-element elementor-element-25f6fab elementor-alert-info elementor-widget elementor-widget-alert\" data-id=\"25f6fab\" data-element_type=\"widget\" data-e-type=\"widget\" data-widget_type=\"alert.default\">\n\t\t\t\t<div class=\"elementor-widget-container\">\n\t\t\t\t\t\t\t<div class=\"elementor-alert\" role=\"alert\">\n\n\t\t\t\t\t\t<span class=\"elementor-alert-title\">What you need to know<p><\/p><\/span>\n\t\t\t\n\t\t\t\t\t\t<span class=\"elementor-alert-description\">   <ul><li> It is essential that you come wanting to have a great time.<\/li><li>\n    Your bag cannot be missing a towel, swimsuit and suntan lotion or sun protection.<\/li><li>\n    Leave the dizziness on land (if you get dizzy you can take a biodramine before boarding.<\/li><li>\n    The sale of alcohol to minors under 18 years of age is prohibited.<\/li><li>\n    The presence of minors is not allowed at the parties.<\/li><\/ul><\/span>\n\t\t\t\n\t\t\t\t\t\t<button type=\"button\" class=\"elementor-alert-dismiss\" aria-label=\"Dismiss this alert.\">\n\t\t\t\t\t\t\t\t\t<span aria-hidden=\"true\">\u00d7<\/span>\n\t\t\t\t\t\t\t<\/button>\n\t\t\t\n\t\t<\/div>\n\t\t\t\t\t\t<\/div>\n\t\t\t\t<\/div>\n\t\t\t\t\t<\/div>\n\t\t<\/div>\n\t\t\t\t\t<\/div>\n\t\t<\/section>\n\t\t\t\t<\/div>","protected":false},"excerpt":{"rendered":"<p>About flippa boat More than a Service, an Unforgettable Experience at Sea Team At Flippa Boat, a team of<\/p>","protected":false},"author":156,"featured_media":24473,"parent":0,"menu_order":2,"comment_status":"closed","ping_status":"closed","template":"","meta":{"footnotes":""},"class_list":["post-24716","page","type-page","status-publish","has-post-thumbnail","hentry"],"yoast_head":"<!-- This site is optimized with the Yoast SEO Premium plugin v21.6 (Yoast SEO v27.1.1) - https:\/\/yoast.com\/product\/yoast-seo-premium-wordpress\/ -->\n<title>Descubre Flippa Boat: Tu barco tur\u00edstico y de alquiler en La Manga<\/title>\n<meta name=\"description\" content=\"Explora La Manga con Flippa Boat, tu opci\u00f3n ideal para turismo y alquiler de barcos. Disfruta de experiencias n\u00e1uticas personalizadas, desde tranquilas excursiones diurnas hasta vibrantes fiestas en barco. Con nuestro equipo experto, cada viaje promete seguridad, diversi\u00f3n y recuerdos inolvidables. \u00a1Embarca en una aventura mar\u00edtima \u00fanica con Flippa Boat!\" \/>\n<meta name=\"robots\" content=\"index, follow, max-snippet:-1, max-image-preview:large, max-video-preview:-1\" \/>\n<link rel=\"canonical\" href=\"https:\/\/flippaboat.es\/en\/about-flippaboat\/\" \/>\n<meta property=\"og:locale\" content=\"en_GB\" \/>\n<meta property=\"og:type\" content=\"article\" \/>\n<meta property=\"og:title\" content=\"Sobre FlippaBoat\" \/>\n<meta property=\"og:description\" content=\"Sobre flippa boat M\u00e1s que un Servicio, una Experiencia Inolvidable en el Mar Equipo En Flippa Boat, un equipo de j\u00f3venes entusiastas y expertos en\" \/>\n<meta property=\"og:url\" content=\"https:\/\/flippaboat.es\/en\/about-flippaboat\/\" \/>\n<meta property=\"og:site_name\" content=\"Flippa Boat\" \/>\n<meta property=\"article:modified_time\" content=\"2024-07-20T21:12:56+00:00\" \/>\n<meta property=\"og:image\" content=\"https:\/\/flippaboat.es\/wp-content\/uploads\/2023\/12\/MG_2177-scaled-1.jpeg\" \/>\n\t<meta property=\"og:image:width\" content=\"1024\" \/>\n\t<meta property=\"og:image:height\" content=\"641\" \/>\n\t<meta property=\"og:image:type\" content=\"image\/jpeg\" \/>\n<meta name=\"twitter:card\" content=\"summary_large_image\" \/>\n<meta name=\"twitter:label1\" content=\"Estimated reading time\" \/>\n\t<meta name=\"twitter:data1\" content=\"2 minutes\" \/>\n<!-- \/ Yoast SEO Premium plugin. -->","yoast_head_json":{"title":"Descubre Flippa Boat: Tu barco tur\u00edstico y de alquiler en La Manga","description":"Explora La Manga con Flippa Boat, tu opci\u00f3n ideal para turismo y alquiler de barcos. Disfruta de experiencias n\u00e1uticas personalizadas, desde tranquilas excursiones diurnas hasta vibrantes fiestas en barco. Con nuestro equipo experto, cada viaje promete seguridad, diversi\u00f3n y recuerdos inolvidables. \u00a1Embarca en una aventura mar\u00edtima \u00fanica con Flippa Boat!","robots":{"index":"index","follow":"follow","max-snippet":"max-snippet:-1","max-image-preview":"max-image-preview:large","max-video-preview":"max-video-preview:-1"},"canonical":"https:\/\/flippaboat.es\/en\/about-flippaboat\/","og_locale":"en_GB","og_type":"article","og_title":"Sobre FlippaBoat","og_description":"Sobre flippa boat M\u00e1s que un Servicio, una Experiencia Inolvidable en el Mar Equipo En Flippa Boat, un equipo de j\u00f3venes entusiastas y expertos en","og_url":"https:\/\/flippaboat.es\/en\/about-flippaboat\/","og_site_name":"Flippa Boat","article_modified_time":"2024-07-20T21:12:56+00:00","og_image":[{"width":1024,"height":641,"url":"https:\/\/flippaboat.es\/wp-content\/uploads\/2023\/12\/MG_2177-scaled-1.jpeg","type":"image\/jpeg"}],"twitter_card":"summary_large_image","twitter_misc":{"Estimated reading time":"2 minutes"},"schema":{"@context":"https:\/\/schema.org","@graph":[{"@type":"WebPage","@id":"https:\/\/flippaboat.es\/sobre-flippaboat\/","url":"https:\/\/flippaboat.es\/sobre-flippaboat\/","name":"Descubre Flippa Boat: Tu barco tur\u00edstico y de alquiler en La Manga","isPartOf":{"@id":"https:\/\/flippaboat.es\/#website"},"primaryImageOfPage":{"@id":"https:\/\/flippaboat.es\/sobre-flippaboat\/#primaryimage"},"image":{"@id":"https:\/\/flippaboat.es\/sobre-flippaboat\/#primaryimage"},"thumbnailUrl":"https:\/\/flippaboat.es\/wp-content\/uploads\/2023\/12\/MG_2177-scaled-1.jpeg","datePublished":"2023-12-08T20:18:22+00:00","dateModified":"2024-07-20T21:12:56+00:00","description":"Explora La Manga con Flippa Boat, tu opci\u00f3n ideal para turismo y alquiler de barcos. Disfruta de experiencias n\u00e1uticas personalizadas, desde tranquilas excursiones diurnas hasta vibrantes fiestas en barco. Con nuestro equipo experto, cada viaje promete seguridad, diversi\u00f3n y recuerdos inolvidables. \u00a1Embarca en una aventura mar\u00edtima \u00fanica con Flippa Boat!","breadcrumb":{"@id":"https:\/\/flippaboat.es\/sobre-flippaboat\/#breadcrumb"},"inLanguage":"en-GB","potentialAction":[{"@type":"ReadAction","target":["https:\/\/flippaboat.es\/sobre-flippaboat\/"]}]},{"@type":"ImageObject","inLanguage":"en-GB","@id":"https:\/\/flippaboat.es\/sobre-flippaboat\/#primaryimage","url":"https:\/\/flippaboat.es\/wp-content\/uploads\/2023\/12\/MG_2177-scaled-1.jpeg","contentUrl":"https:\/\/flippaboat.es\/wp-content\/uploads\/2023\/12\/MG_2177-scaled-1.jpeg","width":1024,"height":641},{"@type":"BreadcrumbList","@id":"https:\/\/flippaboat.es\/sobre-flippaboat\/#breadcrumb","itemListElement":[{"@type":"ListItem","position":1,"name":"Portada","item":"https:\/\/flippaboat.es\/"},{"@type":"ListItem","position":2,"name":"Sobre FlippaBoat"}]},{"@type":"WebSite","@id":"https:\/\/flippaboat.es\/#website","url":"https:\/\/flippaboat.es\/","name":"Flippa Boat","description":"","publisher":{"@id":"https:\/\/flippaboat.es\/#organization"},"potentialAction":[{"@type":"SearchAction","target":{"@type":"EntryPoint","urlTemplate":"https:\/\/flippaboat.es\/?s={search_term_string}"},"query-input":{"@type":"PropertyValueSpecification","valueRequired":true,"valueName":"search_term_string"}}],"inLanguage":"en-GB"},{"@type":"Organization","@id":"https:\/\/flippaboat.es\/#organization","name":"FlippaBoat","url":"https:\/\/flippaboat.es\/","logo":{"@type":"ImageObject","inLanguage":"en-GB","@id":"https:\/\/flippaboat.es\/#\/schema\/logo\/image\/","url":"https:\/\/FlippaBoat.es\/wp-content\/uploads\/2019\/07\/CAF\u00c9LAB-LOGO-WHITE3CM.svg","contentUrl":"https:\/\/FlippaBoat.es\/wp-content\/uploads\/2019\/07\/CAF\u00c9LAB-LOGO-WHITE3CM.svg","width":1,"height":1,"caption":"FlippaBoat"},"image":{"@id":"https:\/\/flippaboat.es\/#\/schema\/logo\/image\/"}}]}},"_links":{"self":[{"href":"https:\/\/flippaboat.es\/en\/wp-json\/wp\/v2\/pages\/24716","targetHints":{"allow":["GET"]}}],"collection":[{"href":"https:\/\/flippaboat.es\/en\/wp-json\/wp\/v2\/pages"}],"about":[{"href":"https:\/\/flippaboat.es\/en\/wp-json\/wp\/v2\/types\/page"}],"author":[{"embeddable":true,"href":"https:\/\/flippaboat.es\/en\/wp-json\/wp\/v2\/users\/156"}],"replies":[{"embeddable":true,"href":"https:\/\/flippaboat.es\/en\/wp-json\/wp\/v2\/comments?post=24716"}],"version-history":[{"count":9,"href":"https:\/\/flippaboat.es\/en\/wp-json\/wp\/v2\/pages\/24716\/revisions"}],"predecessor-version":[{"id":26145,"href":"https:\/\/flippaboat.es\/en\/wp-json\/wp\/v2\/pages\/24716\/revisions\/26145"}],"wp:featuredmedia":[{"embeddable":true,"href":"https:\/\/flippaboat.es\/en\/wp-json\/wp\/v2\/media\/24473"}],"wp:attachment":[{"href":"https:\/\/flippaboat.es\/en\/wp-json\/wp\/v2\/media?parent=24716"}],"curies":[{"name":"wp","href":"https:\/\/api.w.org\/{rel}","templated":true}]}}